{"id":2599,"date":"2019-12-11T13:21:09","date_gmt":"2019-12-11T12:21:09","guid":{"rendered":"https:\/\/smarttextiles.se\/?page_id=2599"},"modified":"2019-12-11T13:21:11","modified_gmt":"2019-12-11T12:21:11","slug":"partners-and-collaboration","status":"publish","type":"page","link":"https:\/\/smarttextiles.se\/en\/retextile\/partners-and-collaboration\/","title":{"rendered":"Partners and collaboration"},"content":{"rendered":"\n<p>Re:Design Factory is made possible through partners throughout the textile value chain. Through company-driven projects, we create knowledge about how the industry can work with processes that contribute to circularity and is profitable.<\/p>\n\n\n\n<p style=\"text-align:left\"><strong>Companies<\/strong><br> <a href=\"http:\/\/www.etikettbolaget.se\">Nordiska Etikettbolaget<\/a><br> <a href=\"http:\/\/korallen.se\">Korallen<\/a><br> <a href=\"http:\/\/www.syverket.se\/kontakt.html\">Syverket<\/a><br> <a href=\"https:\/\/www.cheapmonday.com\/se\/?gclid=Cj0KCQjw8vnMBRDgARIsACm_BhL9p6YvrCPR7aJP3N9s9Z64LsxPGr0E7WyATdf4Nuej2PBoZMy6Kk0aAvxbEALw_wcB\">Cheap Monday<\/a><br> <a href=\"http:\/\/www.acgnystrom.se\">ACG&nbsp;Nystr\u00f6m<\/a><br> <a href=\"http:\/\/www.acgaccent.se\/sv\/\">ACG Accent<\/a><br> <a href=\"http:\/\/www.acgfyrtal.se\">ACG Fyrtal<\/a><br> <a href=\"http:\/\/www.bamatex.se\">Bamatex<\/a><br> <a href=\"http:\/\/functionalthinking.com\">Rudholm och Haak<\/a><br> <a href=\"http:\/\/www.berendsen.se\">Berendsen<\/a><br> <a href=\"http:\/\/www.lindex.com\/se\/\">Lindex<\/a><\/p>\n\n\n\n<p style=\"text-align:left\"><br> <a href=\"http:\/\/www.ellos.se\">Ellos<\/a><br> <a href=\"http:\/\/deadwood.se\">Deadwood<\/a><br> <a href=\"https:\/\/www.houdinisportswear.com\/se\/\">Houdini<\/a><br> <a href=\"https:\/\/www.facebook.com\/billy-and-I-163597267291\/\">Billy and I<\/a><br> <a href=\"http:\/\/www.kappahl.com\/sv-se\/\">KappAhl<\/a><br> <a href=\"http:\/\/www.awapatent.com\/sv\/\">Awapatent<\/a><br> <a href=\"https:\/\/www.facebook.com\/Ides\u00f6mnad-i-Bor\u00e5s-ett-socialt-f\u00f6retag-238913799628537\/\">Id\u00e9s\u00f6mnad<\/a><br> <a href=\"http:\/\/rekotex.se\">Rekotex<\/a><br> <a href=\"http:\/\/www.freshenergy.se\">Fresh Energy<\/a><br> <a href=\"https:\/\/www.linkedin.com\/in\/weronikarehnby\">Weronika Rehnby, konsult<\/a><br> <a href=\"http:\/\/www.monki.com\/se\/\">Monki<\/a><br> <a href=\"http:\/\/anotherstudio.se\">Another Studio<\/a><br> <a href=\"https:\/\/blaoublaou.com\">Blaou blaou<\/a><br> <a href=\"https:\/\/www.textilstudion.se\">Textilstudion<\/a><br> <a href=\"https:\/\/reusedremade.com\">Reused Remade<\/a><\/p>\n\n\n\n<p style=\"text-align:left\"><strong>NONPROFIT SECOND HAND<\/strong><br> <a href=\"https:\/\/www.stadsmissionen.se\/vad-vi-gor\/remake-hallbart-mode-och-design\">Stadsmissionen Remake<\/a><br> <a href=\"http:\/\/www.redcross.se\">R\u00f6da Korset<\/a><br> <a href=\"http:\/\/emmausbjorka.se\">Emmaus Bj\u00f6rk\u00e5<\/a><\/p>\n\n\n\n<p style=\"text-align:left\"><strong>PUBLIC ACTIVITIES AND ORGANIZATIONS<\/strong><br> <a href=\"http:\/\/www.borasem.se\/webb\/privat.4.76386fe5153c854adce159f2.html\">Bor\u00e5s Energi och Milj\u00f6<\/a><br> <a href=\"http:\/\/www.marketplaceboras.se\">Marketplace Bor\u00e5s<\/a><br> <a href=\"https:\/\/www.teko.se\">TEKO<\/a><br> <a href=\"http:\/\/www.naturskyddsforeningen.se\">Naturskyddsf\u00f6reningen<\/a><br> <a href=\"http:\/\/wargoninnovation.se\">Warg\u00f6n Innovation<\/a><br> <a href=\"http:\/\/coompanion.se\">Coompanion<\/a><br> <a href=\"http:\/\/modeink.se\">Modeinkubatorn<\/a><br> <a href=\"http:\/\/www.swedishfashioncouncil.se\/swedish\">Swedish Fashion Council<\/a><\/p>\n\n\n\n<p style=\"text-align:left\"><strong>UNIVERSITY AND RESEARCH<\/strong><br> <a href=\"http:\/\/www.hb.se\">H\u00f6gskolan i Bor\u00e5s<\/a><br> <a href=\"https:\/\/www.shu.ac.uk\">Sheffield Hallam University<\/a><br> <a href=\"http:\/\/mistrafuturefashion.com\">Mistra Future Fashion<\/a><\/p>\n\n\n\n<div class=\"wp-block-image\"><figure class=\"aligncenter is-resized\"><img decoding=\"async\" loading=\"lazy\" src=\"https:\/\/smarttextiles.se\/wp-content\/uploads\/2019\/05\/ReTextile_symbol-1024x374.png\" alt=\"\" class=\"wp-image-2376\" width=\"256\" height=\"94\" srcset=\"https:\/\/smarttextiles.se\/wp-content\/uploads\/2019\/05\/ReTextile_symbol-1024x374.png 1024w, https:\/\/smarttextiles.se\/wp-content\/uploads\/2019\/05\/ReTextile_symbol-300x110.png 300w, https:\/\/smarttextiles.se\/wp-content\/uploads\/2019\/05\/ReTextile_symbol-768x280.png 768w, https:\/\/smarttextiles.se\/wp-content\/uploads\/2019\/05\/ReTextile_symbol.png 2000w\" sizes=\"(max-width: 256px) 100vw, 256px\" \/><\/figure><\/div>\n","protected":false},"excerpt":{"rendered":"<p>Re:Design Factory is made possible through partners throughout the textile value chain. Through company-driven projects, we create knowledge about how\u2026<\/p>\n","protected":false},"author":2,"featured_media":0,"parent":2597,"menu_order":0,"comment_status":"closed","ping_status":"closed","template":"","meta":[],"yoast_head":"<!-- This site is optimized with the Yoast SEO plugin v21.1 - https:\/\/yoast.com\/wordpress\/plugins\/seo\/ -->\n<title>Partners and collaboration - Smart Textiles<\/title>\n<meta name=\"robots\" content=\"index, follow, max-snippet:-1, max-image-preview:large, max-video-preview:-1\" \/>\n<link rel=\"canonical\" href=\"https:\/\/smarttextiles.se\/en\/retextile\/partners-and-collaboration\/\" \/>\n<meta property=\"og:locale\" content=\"en_US\" \/>\n<meta property=\"og:type\" content=\"article\" \/>\n<meta property=\"og:title\" content=\"Partners and collaboration - Smart Textiles\" \/>\n<meta property=\"og:description\" content=\"Re:Design Factory is made possible through partners throughout the textile value chain. Through company-driven projects, we create knowledge about how\u2026\" \/>\n<meta property=\"og:url\" content=\"https:\/\/smarttextiles.se\/en\/retextile\/partners-and-collaboration\/\" \/>\n<meta property=\"og:site_name\" content=\"Smart Textiles\" \/>\n<meta property=\"article:publisher\" content=\"https:\/\/www.facebook.com\/SmartTextilesSE\/\" \/>\n<meta property=\"article:modified_time\" content=\"2019-12-11T12:21:11+00:00\" \/>\n<meta property=\"og:image\" content=\"https:\/\/smarttextiles.se\/wp-content\/uploads\/2019\/05\/ReTextile_symbol-1024x374.png\" \/>\n<meta name=\"twitter:card\" content=\"summary_large_image\" \/>\n<meta name=\"twitter:site\" content=\"@sp_boras\" \/>\n<meta name=\"twitter:label1\" content=\"Est. reading time\" \/>\n\t<meta name=\"twitter:data1\" content=\"1 minute\" \/>\n<script type=\"application\/ld+json\" class=\"yoast-schema-graph\">{\"@context\":\"https:\/\/schema.org\",\"@graph\":[{\"@type\":\"WebPage\",\"@id\":\"https:\/\/smarttextiles.se\/en\/retextile\/partners-and-collaboration\/\",\"url\":\"https:\/\/smarttextiles.se\/en\/retextile\/partners-and-collaboration\/\",\"name\":\"Partners and collaboration - Smart Textiles\",\"isPartOf\":{\"@id\":\"https:\/\/smarttextiles.se\/#website\"},\"datePublished\":\"2019-12-11T12:21:09+00:00\",\"dateModified\":\"2019-12-11T12:21:11+00:00\",\"breadcrumb\":{\"@id\":\"https:\/\/smarttextiles.se\/en\/retextile\/partners-and-collaboration\/#breadcrumb\"},\"inLanguage\":\"en-US\",\"potentialAction\":[{\"@type\":\"ReadAction\",\"target\":[\"https:\/\/smarttextiles.se\/en\/retextile\/partners-and-collaboration\/\"]}]},{\"@type\":\"BreadcrumbList\",\"@id\":\"https:\/\/smarttextiles.se\/en\/retextile\/partners-and-collaboration\/#breadcrumb\",\"itemListElement\":[{\"@type\":\"ListItem\",\"position\":1,\"name\":\"Hem\",\"item\":\"https:\/\/smarttextiles.se\/en\/\"},{\"@type\":\"ListItem\",\"position\":2,\"name\":\"Re:textile\",\"item\":\"https:\/\/smarttextiles.se\/en\/retextile\/\"},{\"@type\":\"ListItem\",\"position\":3,\"name\":\"Partners and collaboration\"}]},{\"@type\":\"WebSite\",\"@id\":\"https:\/\/smarttextiles.se\/#website\",\"url\":\"https:\/\/smarttextiles.se\/\",\"name\":\"Smart Textiles\",\"description\":\"\",\"publisher\":{\"@id\":\"https:\/\/smarttextiles.se\/#organization\"},\"potentialAction\":[{\"@type\":\"SearchAction\",\"target\":{\"@type\":\"EntryPoint\",\"urlTemplate\":\"https:\/\/smarttextiles.se\/?s={search_term_string}\"},\"query-input\":\"required name=search_term_string\"}],\"inLanguage\":\"en-US\"},{\"@type\":\"Organization\",\"@id\":\"https:\/\/smarttextiles.se\/#organization\",\"name\":\"Smart Textiles\",\"url\":\"https:\/\/smarttextiles.se\/\",\"logo\":{\"@type\":\"ImageObject\",\"inLanguage\":\"en-US\",\"@id\":\"https:\/\/smarttextiles.se\/#\/schema\/logo\/image\/\",\"url\":\"https:\/\/smarttextiles.se\/wp-content\/uploads\/2019\/04\/SmartTextiles_logo_TagSPB_RGB_pos-1.png\",\"contentUrl\":\"https:\/\/smarttextiles.se\/wp-content\/uploads\/2019\/04\/SmartTextiles_logo_TagSPB_RGB_pos-1.png\",\"width\":2521,\"height\":914,\"caption\":\"Smart Textiles\"},\"image\":{\"@id\":\"https:\/\/smarttextiles.se\/#\/schema\/logo\/image\/\"},\"sameAs\":[\"https:\/\/www.facebook.com\/SmartTextilesSE\/\",\"https:\/\/twitter.com\/sp_boras\",\"https:\/\/www.linkedin.com\/company\/smart-textiles\/?viewAsMember=true\"]}]}<\/script>\n<!-- \/ Yoast SEO plugin. -->","yoast_head_json":{"title":"Partners and collaboration - Smart Textiles","robots":{"index":"index","follow":"follow","max-snippet":"max-snippet:-1","max-image-preview":"max-image-preview:large","max-video-preview":"max-video-preview:-1"},"canonical":"https:\/\/smarttextiles.se\/en\/retextile\/partners-and-collaboration\/","og_locale":"en_US","og_type":"article","og_title":"Partners and collaboration - Smart Textiles","og_description":"Re:Design Factory is made possible through partners throughout the textile value chain. Through company-driven projects, we create knowledge about how\u2026","og_url":"https:\/\/smarttextiles.se\/en\/retextile\/partners-and-collaboration\/","og_site_name":"Smart Textiles","article_publisher":"https:\/\/www.facebook.com\/SmartTextilesSE\/","article_modified_time":"2019-12-11T12:21:11+00:00","og_image":[{"url":"https:\/\/smarttextiles.se\/wp-content\/uploads\/2019\/05\/ReTextile_symbol-1024x374.png"}],"twitter_card":"summary_large_image","twitter_site":"@sp_boras","twitter_misc":{"Est. reading time":"1 minute"},"schema":{"@context":"https:\/\/schema.org","@graph":[{"@type":"WebPage","@id":"https:\/\/smarttextiles.se\/en\/retextile\/partners-and-collaboration\/","url":"https:\/\/smarttextiles.se\/en\/retextile\/partners-and-collaboration\/","name":"Partners and collaboration - Smart Textiles","isPartOf":{"@id":"https:\/\/smarttextiles.se\/#website"},"datePublished":"2019-12-11T12:21:09+00:00","dateModified":"2019-12-11T12:21:11+00:00","breadcrumb":{"@id":"https:\/\/smarttextiles.se\/en\/retextile\/partners-and-collaboration\/#breadcrumb"},"inLanguage":"en-US","potentialAction":[{"@type":"ReadAction","target":["https:\/\/smarttextiles.se\/en\/retextile\/partners-and-collaboration\/"]}]},{"@type":"BreadcrumbList","@id":"https:\/\/smarttextiles.se\/en\/retextile\/partners-and-collaboration\/#breadcrumb","itemListElement":[{"@type":"ListItem","position":1,"name":"Hem","item":"https:\/\/smarttextiles.se\/en\/"},{"@type":"ListItem","position":2,"name":"Re:textile","item":"https:\/\/smarttextiles.se\/en\/retextile\/"},{"@type":"ListItem","position":3,"name":"Partners and collaboration"}]},{"@type":"WebSite","@id":"https:\/\/smarttextiles.se\/#website","url":"https:\/\/smarttextiles.se\/","name":"Smart Textiles","description":"","publisher":{"@id":"https:\/\/smarttextiles.se\/#organization"},"potentialAction":[{"@type":"SearchAction","target":{"@type":"EntryPoint","urlTemplate":"https:\/\/smarttextiles.se\/?s={search_term_string}"},"query-input":"required name=search_term_string"}],"inLanguage":"en-US"},{"@type":"Organization","@id":"https:\/\/smarttextiles.se\/#organization","name":"Smart Textiles","url":"https:\/\/smarttextiles.se\/","logo":{"@type":"ImageObject","inLanguage":"en-US","@id":"https:\/\/smarttextiles.se\/#\/schema\/logo\/image\/","url":"https:\/\/smarttextiles.se\/wp-content\/uploads\/2019\/04\/SmartTextiles_logo_TagSPB_RGB_pos-1.png","contentUrl":"https:\/\/smarttextiles.se\/wp-content\/uploads\/2019\/04\/SmartTextiles_logo_TagSPB_RGB_pos-1.png","width":2521,"height":914,"caption":"Smart Textiles"},"image":{"@id":"https:\/\/smarttextiles.se\/#\/schema\/logo\/image\/"},"sameAs":["https:\/\/www.facebook.com\/SmartTextilesSE\/","https:\/\/twitter.com\/sp_boras","https:\/\/www.linkedin.com\/company\/smart-textiles\/?viewAsMember=true"]}]}},"_links":{"self":[{"href":"https:\/\/smarttextiles.se\/en\/wp-json\/wp\/v2\/pages\/2599"}],"collection":[{"href":"https:\/\/smarttextiles.se\/en\/wp-json\/wp\/v2\/pages"}],"about":[{"href":"https:\/\/smarttextiles.se\/en\/wp-json\/wp\/v2\/types\/page"}],"author":[{"embeddable":true,"href":"https:\/\/smarttextiles.se\/en\/wp-json\/wp\/v2\/users\/2"}],"replies":[{"embeddable":true,"href":"https:\/\/smarttextiles.se\/en\/wp-json\/wp\/v2\/comments?post=2599"}],"version-history":[{"count":3,"href":"https:\/\/smarttextiles.se\/en\/wp-json\/wp\/v2\/pages\/2599\/revisions"}],"predecessor-version":[{"id":3644,"href":"https:\/\/smarttextiles.se\/en\/wp-json\/wp\/v2\/pages\/2599\/revisions\/3644"}],"up":[{"embeddable":true,"href":"https:\/\/smarttextiles.se\/en\/wp-json\/wp\/v2\/pages\/2597"}],"wp:attachment":[{"href":"https:\/\/smarttextiles.se\/en\/wp-json\/wp\/v2\/media?parent=2599"}],"curies":[{"name":"wp","href":"https:\/\/api.w.org\/{rel}","templated":true}]}}