{"id":1817,"date":"2019-04-24T13:39:29","date_gmt":"2019-04-24T11:39:29","guid":{"rendered":"https:\/\/smarttextiles.se\/interaction\/"},"modified":"2019-04-30T16:06:21","modified_gmt":"2019-04-30T14:06:21","slug":"interaction","status":"publish","type":"page","link":"https:\/\/smarttextiles.se\/en\/about-smart-textiles\/interaction\/","title":{"rendered":"Interaction"},"content":{"rendered":"\n<p><strong>Smart Textiles creates results together with academia, industry, institutes and politics.<\/strong> <strong>We are the engine of textile innovations with a unique breadth \u2013 from basic research, prototyping to commercialization of products. <\/strong><\/p>\n\n\n\n<p>A hallmark of Smart Textiles &#8216; success is that there is a clear objective, to create conditions for new companies, new jobs and new innovative textile products. To succeed, it requires companies, researchers and other actors to fully cooperate.<\/p>\n\n\n\n<p>If these different parts interact one is also given the opportunity to realize ideas, develop and generate new innovations and products on the market. Through prototyping we contribute to new perspectives on textile expressions that fundamentally change, deepen and broaden our perception of what textiles are. We create an arena between academia, research and industry with the aim of being an internationally leading player in textile renewal. <\/p>\n\n\n\n<p>VINNOVA&#8217;s support and confidence in Smart Textiles through the VINNV\u00c4XT \ninitiative has helped to speed up the process. Also the regional \nsupport is very strong and public actors are a part of the \ninnovation system. They are important in the work to create \nsynergies outside the geographic district of Sjuh\u00e4rad.<\/p>\n\n\n\n<p>Smart Textiles is an environment that consists of a close collaboration between the University of Bor\u00e5s, RISE Research Institutes of Sweden, RISE IVF, and the incubator in Bor\u00e5s. The foremost financiers are Vinnova, <br>V\u00e4stra G\u00f6taland Region, Bor\u00e5s Region-Sjuh\u00e4rads Municipal Federation and Foundation Swedish Textile research. Smart Textiles is also funded by the Sparbanksstiftelsen Sjuh\u00e4rad and other funders. <\/p>\n\n\n\n<div class=\"wp-block-image\"><figure class=\"aligncenter is-resized\"><img decoding=\"async\" loading=\"lazy\" src=\"https:\/\/smarttextiles.se\/wp-content\/uploads\/2019\/03\/loggor2.0.jpg\" alt=\"\" class=\"wp-image-1209\" width=\"511\" height=\"446\" srcset=\"https:\/\/smarttextiles.se\/wp-content\/uploads\/2019\/03\/loggor2.0.jpg 681w, https:\/\/smarttextiles.se\/wp-content\/uploads\/2019\/03\/loggor2.0-300x262.jpg 300w\" sizes=\"(max-width: 511px) 100vw, 511px\" \/><\/figure><\/div>\n\n\n\n<p>Our main target group is academia, industry and the public sector.<br><\/p>\n\n\n\n<hr class=\"wp-block-separator\"\/>\n","protected":false},"excerpt":{"rendered":"<p>Smart Textiles creates results together with academia, industry, institutes and politics. We are the engine of textile innovations with a\u2026<\/p>\n","protected":false},"author":9,"featured_media":0,"parent":1694,"menu_order":10,"comment_status":"closed","ping_status":"closed","template":"","meta":[],"yoast_head":"<!-- This site is optimized with the Yoast SEO plugin v21.1 - https:\/\/yoast.com\/wordpress\/plugins\/seo\/ -->\n<title>Interaction - Smart Textiles<\/title>\n<meta name=\"robots\" content=\"index, follow, max-snippet:-1, max-image-preview:large, max-video-preview:-1\" \/>\n<link rel=\"canonical\" href=\"https:\/\/smarttextiles.se\/en\/about-smart-textiles\/interaction\/\" \/>\n<meta property=\"og:locale\" content=\"en_US\" \/>\n<meta property=\"og:type\" content=\"article\" \/>\n<meta property=\"og:title\" content=\"Interaction - Smart Textiles\" \/>\n<meta property=\"og:description\" content=\"Smart Textiles creates results together with academia, industry, institutes and politics. We are the engine of textile innovations with a\u2026\" \/>\n<meta property=\"og:url\" content=\"https:\/\/smarttextiles.se\/en\/about-smart-textiles\/interaction\/\" \/>\n<meta property=\"og:site_name\" content=\"Smart Textiles\" \/>\n<meta property=\"article:publisher\" content=\"https:\/\/www.facebook.com\/SmartTextilesSE\/\" \/>\n<meta property=\"article:modified_time\" content=\"2019-04-30T14:06:21+00:00\" \/>\n<meta property=\"og:image\" content=\"https:\/\/smarttextiles.se\/wp-content\/uploads\/2019\/03\/loggor2.0.jpg\" \/>\n<meta name=\"twitter:card\" content=\"summary_large_image\" \/>\n<meta name=\"twitter:site\" content=\"@sp_boras\" \/>\n<meta name=\"twitter:label1\" content=\"Est. reading time\" \/>\n\t<meta name=\"twitter:data1\" content=\"1 minute\" \/>\n<script type=\"application\/ld+json\" class=\"yoast-schema-graph\">{\"@context\":\"https:\/\/schema.org\",\"@graph\":[{\"@type\":\"WebPage\",\"@id\":\"https:\/\/smarttextiles.se\/en\/about-smart-textiles\/interaction\/\",\"url\":\"https:\/\/smarttextiles.se\/en\/about-smart-textiles\/interaction\/\",\"name\":\"Interaction - Smart Textiles\",\"isPartOf\":{\"@id\":\"https:\/\/smarttextiles.se\/#website\"},\"datePublished\":\"2019-04-24T11:39:29+00:00\",\"dateModified\":\"2019-04-30T14:06:21+00:00\",\"breadcrumb\":{\"@id\":\"https:\/\/smarttextiles.se\/en\/about-smart-textiles\/interaction\/#breadcrumb\"},\"inLanguage\":\"en-US\",\"potentialAction\":[{\"@type\":\"ReadAction\",\"target\":[\"https:\/\/smarttextiles.se\/en\/about-smart-textiles\/interaction\/\"]}]},{\"@type\":\"BreadcrumbList\",\"@id\":\"https:\/\/smarttextiles.se\/en\/about-smart-textiles\/interaction\/#breadcrumb\",\"itemListElement\":[{\"@type\":\"ListItem\",\"position\":1,\"name\":\"Hem\",\"item\":\"https:\/\/smarttextiles.se\/en\/\"},{\"@type\":\"ListItem\",\"position\":2,\"name\":\"About Smart Textiles\",\"item\":\"https:\/\/smarttextiles.se\/en\/about-smart-textiles\/\"},{\"@type\":\"ListItem\",\"position\":3,\"name\":\"Interaction\"}]},{\"@type\":\"WebSite\",\"@id\":\"https:\/\/smarttextiles.se\/#website\",\"url\":\"https:\/\/smarttextiles.se\/\",\"name\":\"Smart Textiles\",\"description\":\"\",\"publisher\":{\"@id\":\"https:\/\/smarttextiles.se\/#organization\"},\"potentialAction\":[{\"@type\":\"SearchAction\",\"target\":{\"@type\":\"EntryPoint\",\"urlTemplate\":\"https:\/\/smarttextiles.se\/?s={search_term_string}\"},\"query-input\":\"required name=search_term_string\"}],\"inLanguage\":\"en-US\"},{\"@type\":\"Organization\",\"@id\":\"https:\/\/smarttextiles.se\/#organization\",\"name\":\"Smart Textiles\",\"url\":\"https:\/\/smarttextiles.se\/\",\"logo\":{\"@type\":\"ImageObject\",\"inLanguage\":\"en-US\",\"@id\":\"https:\/\/smarttextiles.se\/#\/schema\/logo\/image\/\",\"url\":\"https:\/\/smarttextiles.se\/wp-content\/uploads\/2019\/04\/SmartTextiles_logo_TagSPB_RGB_pos-1.png\",\"contentUrl\":\"https:\/\/smarttextiles.se\/wp-content\/uploads\/2019\/04\/SmartTextiles_logo_TagSPB_RGB_pos-1.png\",\"width\":2521,\"height\":914,\"caption\":\"Smart Textiles\"},\"image\":{\"@id\":\"https:\/\/smarttextiles.se\/#\/schema\/logo\/image\/\"},\"sameAs\":[\"https:\/\/www.facebook.com\/SmartTextilesSE\/\",\"https:\/\/twitter.com\/sp_boras\",\"https:\/\/www.linkedin.com\/company\/smart-textiles\/?viewAsMember=true\"]}]}<\/script>\n<!-- \/ Yoast SEO plugin. -->","yoast_head_json":{"title":"Interaction - Smart Textiles","robots":{"index":"index","follow":"follow","max-snippet":"max-snippet:-1","max-image-preview":"max-image-preview:large","max-video-preview":"max-video-preview:-1"},"canonical":"https:\/\/smarttextiles.se\/en\/about-smart-textiles\/interaction\/","og_locale":"en_US","og_type":"article","og_title":"Interaction - Smart Textiles","og_description":"Smart Textiles creates results together with academia, industry, institutes and politics. We are the engine of textile innovations with a\u2026","og_url":"https:\/\/smarttextiles.se\/en\/about-smart-textiles\/interaction\/","og_site_name":"Smart Textiles","article_publisher":"https:\/\/www.facebook.com\/SmartTextilesSE\/","article_modified_time":"2019-04-30T14:06:21+00:00","og_image":[{"url":"https:\/\/smarttextiles.se\/wp-content\/uploads\/2019\/03\/loggor2.0.jpg"}],"twitter_card":"summary_large_image","twitter_site":"@sp_boras","twitter_misc":{"Est. reading time":"1 minute"},"schema":{"@context":"https:\/\/schema.org","@graph":[{"@type":"WebPage","@id":"https:\/\/smarttextiles.se\/en\/about-smart-textiles\/interaction\/","url":"https:\/\/smarttextiles.se\/en\/about-smart-textiles\/interaction\/","name":"Interaction - Smart Textiles","isPartOf":{"@id":"https:\/\/smarttextiles.se\/#website"},"datePublished":"2019-04-24T11:39:29+00:00","dateModified":"2019-04-30T14:06:21+00:00","breadcrumb":{"@id":"https:\/\/smarttextiles.se\/en\/about-smart-textiles\/interaction\/#breadcrumb"},"inLanguage":"en-US","potentialAction":[{"@type":"ReadAction","target":["https:\/\/smarttextiles.se\/en\/about-smart-textiles\/interaction\/"]}]},{"@type":"BreadcrumbList","@id":"https:\/\/smarttextiles.se\/en\/about-smart-textiles\/interaction\/#breadcrumb","itemListElement":[{"@type":"ListItem","position":1,"name":"Hem","item":"https:\/\/smarttextiles.se\/en\/"},{"@type":"ListItem","position":2,"name":"About Smart Textiles","item":"https:\/\/smarttextiles.se\/en\/about-smart-textiles\/"},{"@type":"ListItem","position":3,"name":"Interaction"}]},{"@type":"WebSite","@id":"https:\/\/smarttextiles.se\/#website","url":"https:\/\/smarttextiles.se\/","name":"Smart Textiles","description":"","publisher":{"@id":"https:\/\/smarttextiles.se\/#organization"},"potentialAction":[{"@type":"SearchAction","target":{"@type":"EntryPoint","urlTemplate":"https:\/\/smarttextiles.se\/?s={search_term_string}"},"query-input":"required name=search_term_string"}],"inLanguage":"en-US"},{"@type":"Organization","@id":"https:\/\/smarttextiles.se\/#organization","name":"Smart Textiles","url":"https:\/\/smarttextiles.se\/","logo":{"@type":"ImageObject","inLanguage":"en-US","@id":"https:\/\/smarttextiles.se\/#\/schema\/logo\/image\/","url":"https:\/\/smarttextiles.se\/wp-content\/uploads\/2019\/04\/SmartTextiles_logo_TagSPB_RGB_pos-1.png","contentUrl":"https:\/\/smarttextiles.se\/wp-content\/uploads\/2019\/04\/SmartTextiles_logo_TagSPB_RGB_pos-1.png","width":2521,"height":914,"caption":"Smart Textiles"},"image":{"@id":"https:\/\/smarttextiles.se\/#\/schema\/logo\/image\/"},"sameAs":["https:\/\/www.facebook.com\/SmartTextilesSE\/","https:\/\/twitter.com\/sp_boras","https:\/\/www.linkedin.com\/company\/smart-textiles\/?viewAsMember=true"]}]}},"_links":{"self":[{"href":"https:\/\/smarttextiles.se\/en\/wp-json\/wp\/v2\/pages\/1817"}],"collection":[{"href":"https:\/\/smarttextiles.se\/en\/wp-json\/wp\/v2\/pages"}],"about":[{"href":"https:\/\/smarttextiles.se\/en\/wp-json\/wp\/v2\/types\/page"}],"author":[{"embeddable":true,"href":"https:\/\/smarttextiles.se\/en\/wp-json\/wp\/v2\/users\/9"}],"replies":[{"embeddable":true,"href":"https:\/\/smarttextiles.se\/en\/wp-json\/wp\/v2\/comments?post=1817"}],"version-history":[{"count":4,"href":"https:\/\/smarttextiles.se\/en\/wp-json\/wp\/v2\/pages\/1817\/revisions"}],"predecessor-version":[{"id":2209,"href":"https:\/\/smarttextiles.se\/en\/wp-json\/wp\/v2\/pages\/1817\/revisions\/2209"}],"up":[{"embeddable":true,"href":"https:\/\/smarttextiles.se\/en\/wp-json\/wp\/v2\/pages\/1694"}],"wp:attachment":[{"href":"https:\/\/smarttextiles.se\/en\/wp-json\/wp\/v2\/media?parent=1817"}],"curies":[{"name":"wp","href":"https:\/\/api.w.org\/{rel}","templated":true}]}}