{"id":1813,"date":"2019-04-24T13:15:46","date_gmt":"2019-04-24T11:15:46","guid":{"rendered":"https:\/\/smarttextiles.se\/research-and-innovation\/architecture-and-interior\/"},"modified":"2019-04-24T13:15:47","modified_gmt":"2019-04-24T11:15:47","slug":"architecture-and-interior","status":"publish","type":"page","link":"https:\/\/smarttextiles.se\/en\/research-and-innovation\/architecture-and-interior\/","title":{"rendered":"Architecture and Interior"},"content":{"rendered":"\n<p>In the focus area of architecture and interior, Smart Textiles is highlighting the design and development of the border area between textiles, architecture and interaction design. <\/p>\n\n<div class=\"wp-block-image\"><figure class=\"aligncenter is-resized\"><img decoding=\"async\" loading=\"lazy\" src=\"https:\/\/smarttextiles.se\/wp-content\/uploads\/2019\/03\/gardinsmal-1-1024x640.jpg\" alt=\"\" class=\"wp-image-671\" width=\"512\" height=\"320\" srcset=\"https:\/\/smarttextiles.se\/wp-content\/uploads\/2019\/03\/gardinsmal-1-1024x640.jpg 1024w, https:\/\/smarttextiles.se\/wp-content\/uploads\/2019\/03\/gardinsmal-1-300x188.jpg 300w, https:\/\/smarttextiles.se\/wp-content\/uploads\/2019\/03\/gardinsmal-1-768x480.jpg 768w, https:\/\/smarttextiles.se\/wp-content\/uploads\/2019\/03\/gardinsmal-1.jpg 1280w\" sizes=\"(max-width: 512px) 100vw, 512px\" \/><\/figure><\/div>\n\n<p>Among other things, Smart Textiles in collaboration with, among others, Interior Cluster Sweden has developed an innovation challenge for Swedish furniture designers and designers that were announced during 2018. The challenge aims to raise the level of innovation in the Swedish furniture industry with modern production technology and sustainability innovations. Within the framework of Science Park Bor\u00e5s, a collaborative platform for circular economy for textiles, fashion and interior has been created. The platform is named Circular Hub and will act as an enabler and catalyst for the development of the industries in western Sweden and their value chains.<\/p>\n\n<hr class=\"wp-block-separator\"\/>\n","protected":false},"excerpt":{"rendered":"<p>In the focus area of architecture and interior, Smart Textiles is highlighting the design and development of the border area\u2026<\/p>\n","protected":false},"author":9,"featured_media":0,"parent":1805,"menu_order":30,"comment_status":"closed","ping_status":"closed","template":"","meta":[],"yoast_head":"<!-- This site is optimized with the Yoast SEO plugin v21.1 - https:\/\/yoast.com\/wordpress\/plugins\/seo\/ -->\n<title>smarttextiles.se \u203a forskning-och-innovation \u203a arkitektur-och-interi\u00f6r<\/title>\n<meta name=\"description\" content=\"Inom fokusomr\u00e5det Arkitektur och Interi\u00f6r lyfter Smart Textiles design och utveckling i gr\u00e4nsomr\u00e5det mellan textil, arkitektur och interaktionsdesign.\" \/>\n<meta name=\"robots\" content=\"index, follow, max-snippet:-1, max-image-preview:large, max-video-preview:-1\" \/>\n<link rel=\"canonical\" href=\"https:\/\/smarttextiles.se\/en\/research-and-innovation\/architecture-and-interior\/\" \/>\n<meta property=\"og:locale\" content=\"en_US\" \/>\n<meta property=\"og:type\" content=\"article\" \/>\n<meta property=\"og:title\" content=\"smarttextiles.se \u203a forskning-och-innovation \u203a arkitektur-och-interi\u00f6r\" \/>\n<meta property=\"og:description\" content=\"Inom fokusomr\u00e5det Arkitektur och Interi\u00f6r lyfter Smart Textiles design och utveckling i gr\u00e4nsomr\u00e5det mellan textil, arkitektur och interaktionsdesign.\" \/>\n<meta property=\"og:url\" content=\"https:\/\/smarttextiles.se\/en\/research-and-innovation\/architecture-and-interior\/\" \/>\n<meta property=\"og:site_name\" content=\"Smart Textiles\" \/>\n<meta property=\"article:publisher\" content=\"https:\/\/www.facebook.com\/SmartTextilesSE\/\" \/>\n<meta property=\"article:modified_time\" content=\"2019-04-24T11:15:47+00:00\" \/>\n<meta property=\"og:image\" content=\"https:\/\/smarttextiles.se\/wp-content\/uploads\/2019\/03\/gardinsmal-1-1024x640.jpg\" \/>\n<meta name=\"twitter:card\" content=\"summary_large_image\" \/>\n<meta name=\"twitter:site\" content=\"@sp_boras\" \/>\n<meta name=\"twitter:label1\" content=\"Est. reading time\" \/>\n\t<meta name=\"twitter:data1\" content=\"1 minute\" \/>\n<script type=\"application\/ld+json\" class=\"yoast-schema-graph\">{\"@context\":\"https:\/\/schema.org\",\"@graph\":[{\"@type\":\"WebPage\",\"@id\":\"https:\/\/smarttextiles.se\/en\/research-and-innovation\/architecture-and-interior\/\",\"url\":\"https:\/\/smarttextiles.se\/en\/research-and-innovation\/architecture-and-interior\/\",\"name\":\"smarttextiles.se \u203a forskning-och-innovation \u203a arkitektur-och-interi\u00f6r\",\"isPartOf\":{\"@id\":\"https:\/\/smarttextiles.se\/#website\"},\"datePublished\":\"2019-04-24T11:15:46+00:00\",\"dateModified\":\"2019-04-24T11:15:47+00:00\",\"description\":\"Inom fokusomr\u00e5det Arkitektur och Interi\u00f6r lyfter Smart Textiles design och utveckling i gr\u00e4nsomr\u00e5det mellan textil, arkitektur och interaktionsdesign.\",\"breadcrumb\":{\"@id\":\"https:\/\/smarttextiles.se\/en\/research-and-innovation\/architecture-and-interior\/#breadcrumb\"},\"inLanguage\":\"en-US\",\"potentialAction\":[{\"@type\":\"ReadAction\",\"target\":[\"https:\/\/smarttextiles.se\/en\/research-and-innovation\/architecture-and-interior\/\"]}]},{\"@type\":\"BreadcrumbList\",\"@id\":\"https:\/\/smarttextiles.se\/en\/research-and-innovation\/architecture-and-interior\/#breadcrumb\",\"itemListElement\":[{\"@type\":\"ListItem\",\"position\":1,\"name\":\"Hem\",\"item\":\"https:\/\/smarttextiles.se\/en\/\"},{\"@type\":\"ListItem\",\"position\":2,\"name\":\"Research and innovation\",\"item\":\"https:\/\/smarttextiles.se\/en\/research-and-innovation\/\"},{\"@type\":\"ListItem\",\"position\":3,\"name\":\"Architecture and Interior\"}]},{\"@type\":\"WebSite\",\"@id\":\"https:\/\/smarttextiles.se\/#website\",\"url\":\"https:\/\/smarttextiles.se\/\",\"name\":\"Smart Textiles\",\"description\":\"\",\"publisher\":{\"@id\":\"https:\/\/smarttextiles.se\/#organization\"},\"potentialAction\":[{\"@type\":\"SearchAction\",\"target\":{\"@type\":\"EntryPoint\",\"urlTemplate\":\"https:\/\/smarttextiles.se\/?s={search_term_string}\"},\"query-input\":\"required name=search_term_string\"}],\"inLanguage\":\"en-US\"},{\"@type\":\"Organization\",\"@id\":\"https:\/\/smarttextiles.se\/#organization\",\"name\":\"Smart Textiles\",\"url\":\"https:\/\/smarttextiles.se\/\",\"logo\":{\"@type\":\"ImageObject\",\"inLanguage\":\"en-US\",\"@id\":\"https:\/\/smarttextiles.se\/#\/schema\/logo\/image\/\",\"url\":\"https:\/\/smarttextiles.se\/wp-content\/uploads\/2019\/04\/SmartTextiles_logo_TagSPB_RGB_pos-1.png\",\"contentUrl\":\"https:\/\/smarttextiles.se\/wp-content\/uploads\/2019\/04\/SmartTextiles_logo_TagSPB_RGB_pos-1.png\",\"width\":2521,\"height\":914,\"caption\":\"Smart Textiles\"},\"image\":{\"@id\":\"https:\/\/smarttextiles.se\/#\/schema\/logo\/image\/\"},\"sameAs\":[\"https:\/\/www.facebook.com\/SmartTextilesSE\/\",\"https:\/\/twitter.com\/sp_boras\",\"https:\/\/www.linkedin.com\/company\/smart-textiles\/?viewAsMember=true\"]}]}<\/script>\n<!-- \/ Yoast SEO plugin. -->","yoast_head_json":{"title":"smarttextiles.se \u203a forskning-och-innovation \u203a arkitektur-och-interi\u00f6r","description":"Inom fokusomr\u00e5det Arkitektur och Interi\u00f6r lyfter Smart Textiles design och utveckling i gr\u00e4nsomr\u00e5det mellan textil, arkitektur och interaktionsdesign.","robots":{"index":"index","follow":"follow","max-snippet":"max-snippet:-1","max-image-preview":"max-image-preview:large","max-video-preview":"max-video-preview:-1"},"canonical":"https:\/\/smarttextiles.se\/en\/research-and-innovation\/architecture-and-interior\/","og_locale":"en_US","og_type":"article","og_title":"smarttextiles.se \u203a forskning-och-innovation \u203a arkitektur-och-interi\u00f6r","og_description":"Inom fokusomr\u00e5det Arkitektur och Interi\u00f6r lyfter Smart Textiles design och utveckling i gr\u00e4nsomr\u00e5det mellan textil, arkitektur och interaktionsdesign.","og_url":"https:\/\/smarttextiles.se\/en\/research-and-innovation\/architecture-and-interior\/","og_site_name":"Smart Textiles","article_publisher":"https:\/\/www.facebook.com\/SmartTextilesSE\/","article_modified_time":"2019-04-24T11:15:47+00:00","og_image":[{"url":"https:\/\/smarttextiles.se\/wp-content\/uploads\/2019\/03\/gardinsmal-1-1024x640.jpg"}],"twitter_card":"summary_large_image","twitter_site":"@sp_boras","twitter_misc":{"Est. reading time":"1 minute"},"schema":{"@context":"https:\/\/schema.org","@graph":[{"@type":"WebPage","@id":"https:\/\/smarttextiles.se\/en\/research-and-innovation\/architecture-and-interior\/","url":"https:\/\/smarttextiles.se\/en\/research-and-innovation\/architecture-and-interior\/","name":"smarttextiles.se \u203a forskning-och-innovation \u203a arkitektur-och-interi\u00f6r","isPartOf":{"@id":"https:\/\/smarttextiles.se\/#website"},"datePublished":"2019-04-24T11:15:46+00:00","dateModified":"2019-04-24T11:15:47+00:00","description":"Inom fokusomr\u00e5det Arkitektur och Interi\u00f6r lyfter Smart Textiles design och utveckling i gr\u00e4nsomr\u00e5det mellan textil, arkitektur och interaktionsdesign.","breadcrumb":{"@id":"https:\/\/smarttextiles.se\/en\/research-and-innovation\/architecture-and-interior\/#breadcrumb"},"inLanguage":"en-US","potentialAction":[{"@type":"ReadAction","target":["https:\/\/smarttextiles.se\/en\/research-and-innovation\/architecture-and-interior\/"]}]},{"@type":"BreadcrumbList","@id":"https:\/\/smarttextiles.se\/en\/research-and-innovation\/architecture-and-interior\/#breadcrumb","itemListElement":[{"@type":"ListItem","position":1,"name":"Hem","item":"https:\/\/smarttextiles.se\/en\/"},{"@type":"ListItem","position":2,"name":"Research and innovation","item":"https:\/\/smarttextiles.se\/en\/research-and-innovation\/"},{"@type":"ListItem","position":3,"name":"Architecture and Interior"}]},{"@type":"WebSite","@id":"https:\/\/smarttextiles.se\/#website","url":"https:\/\/smarttextiles.se\/","name":"Smart Textiles","description":"","publisher":{"@id":"https:\/\/smarttextiles.se\/#organization"},"potentialAction":[{"@type":"SearchAction","target":{"@type":"EntryPoint","urlTemplate":"https:\/\/smarttextiles.se\/?s={search_term_string}"},"query-input":"required name=search_term_string"}],"inLanguage":"en-US"},{"@type":"Organization","@id":"https:\/\/smarttextiles.se\/#organization","name":"Smart Textiles","url":"https:\/\/smarttextiles.se\/","logo":{"@type":"ImageObject","inLanguage":"en-US","@id":"https:\/\/smarttextiles.se\/#\/schema\/logo\/image\/","url":"https:\/\/smarttextiles.se\/wp-content\/uploads\/2019\/04\/SmartTextiles_logo_TagSPB_RGB_pos-1.png","contentUrl":"https:\/\/smarttextiles.se\/wp-content\/uploads\/2019\/04\/SmartTextiles_logo_TagSPB_RGB_pos-1.png","width":2521,"height":914,"caption":"Smart Textiles"},"image":{"@id":"https:\/\/smarttextiles.se\/#\/schema\/logo\/image\/"},"sameAs":["https:\/\/www.facebook.com\/SmartTextilesSE\/","https:\/\/twitter.com\/sp_boras","https:\/\/www.linkedin.com\/company\/smart-textiles\/?viewAsMember=true"]}]}},"_links":{"self":[{"href":"https:\/\/smarttextiles.se\/en\/wp-json\/wp\/v2\/pages\/1813"}],"collection":[{"href":"https:\/\/smarttextiles.se\/en\/wp-json\/wp\/v2\/pages"}],"about":[{"href":"https:\/\/smarttextiles.se\/en\/wp-json\/wp\/v2\/types\/page"}],"author":[{"embeddable":true,"href":"https:\/\/smarttextiles.se\/en\/wp-json\/wp\/v2\/users\/9"}],"replies":[{"embeddable":true,"href":"https:\/\/smarttextiles.se\/en\/wp-json\/wp\/v2\/comments?post=1813"}],"version-history":[{"count":1,"href":"https:\/\/smarttextiles.se\/en\/wp-json\/wp\/v2\/pages\/1813\/revisions"}],"predecessor-version":[{"id":1814,"href":"https:\/\/smarttextiles.se\/en\/wp-json\/wp\/v2\/pages\/1813\/revisions\/1814"}],"up":[{"embeddable":true,"href":"https:\/\/smarttextiles.se\/en\/wp-json\/wp\/v2\/pages\/1805"}],"wp:attachment":[{"href":"https:\/\/smarttextiles.se\/en\/wp-json\/wp\/v2\/media?parent=1813"}],"curies":[{"name":"wp","href":"https:\/\/api.w.org\/{rel}","templated":true}]}}