{"id":1811,"date":"2019-04-24T13:14:06","date_gmt":"2019-04-24T11:14:06","guid":{"rendered":"https:\/\/smarttextiles.se\/research-and-innovation\/health-and-medicine\/"},"modified":"2019-04-24T13:14:07","modified_gmt":"2019-04-24T11:14:07","slug":"health-and-medicine","status":"publish","type":"page","link":"https:\/\/smarttextiles.se\/en\/research-and-innovation\/health-and-medicine\/","title":{"rendered":"Health and Medicine"},"content":{"rendered":"\n<p>Research and development in the field of health and medicine (including sports and PPE), where materials that can measure and monitor patients &#8216; health status are tested, is highly sought after in society. Large profits can be seen for both the patient and the healthcare system where the patient is given the opportunity to take greater responsibility for their own treatment and thus save resources without compromising the quality of care. <\/p>\n\n<p><\/p>\n\n<div class=\"wp-block-image\"><figure class=\"aligncenter is-resized\"><img decoding=\"async\" loading=\"lazy\" src=\"https:\/\/smarttextiles.se\/wp-content\/uploads\/2019\/03\/vattenreningsmaljpg-1024x640.jpg\" alt=\"\" class=\"wp-image-665\" width=\"512\" height=\"320\" srcset=\"https:\/\/smarttextiles.se\/wp-content\/uploads\/2019\/03\/vattenreningsmaljpg-1024x640.jpg 1024w, https:\/\/smarttextiles.se\/wp-content\/uploads\/2019\/03\/vattenreningsmaljpg-300x188.jpg 300w, https:\/\/smarttextiles.se\/wp-content\/uploads\/2019\/03\/vattenreningsmaljpg-768x480.jpg 768w, https:\/\/smarttextiles.se\/wp-content\/uploads\/2019\/03\/vattenreningsmaljpg.jpg 1280w\" sizes=\"(max-width: 512px) 100vw, 512px\" \/><\/figure><\/div>\n\n<p>The connections to the sports field are strong and you can see a clear correlation between a healthy and active lifestyle and a reduced medical need. Examples of prototypes developed during the recent year are an ECG shirt with sensors, a seat cushion for preventing decubitus and an international collaboration that will develop a garment that will ba able to measure and monitor cough.<\/p>\n\n<hr class=\"wp-block-separator\"\/>\n","protected":false},"excerpt":{"rendered":"<p>Research and development in the field of health and medicine (including sports and PPE), where materials that can measure and\u2026<\/p>\n","protected":false},"author":2,"featured_media":0,"parent":1805,"menu_order":20,"comment_status":"closed","ping_status":"closed","template":"","meta":[],"yoast_head":"<!-- This site is optimized with the Yoast SEO plugin v21.1 - https:\/\/yoast.com\/wordpress\/plugins\/seo\/ -->\n<title>smarttextiles.se \u203a forskning-och-innovation \u203a halsa-och-medicin<\/title>\n<meta name=\"description\" content=\"Forskning och utveckling inom omr\u00e5det H\u00e4lsa och Medicin inklusive Sport och PPE. Material som m\u00e4ter och \u00f6vervakar patienters h\u00e4lsotillst\u00e5nd testas.\" \/>\n<meta name=\"robots\" content=\"index, follow, max-snippet:-1, max-image-preview:large, max-video-preview:-1\" \/>\n<link rel=\"canonical\" href=\"https:\/\/smarttextiles.se\/en\/research-and-innovation\/health-and-medicine\/\" \/>\n<meta property=\"og:locale\" content=\"en_US\" \/>\n<meta property=\"og:type\" content=\"article\" \/>\n<meta property=\"og:title\" content=\"smarttextiles.se \u203a forskning-och-innovation \u203a halsa-och-medicin\" \/>\n<meta property=\"og:description\" content=\"Forskning och utveckling inom omr\u00e5det H\u00e4lsa och Medicin inklusive Sport och PPE. Material som m\u00e4ter och \u00f6vervakar patienters h\u00e4lsotillst\u00e5nd testas.\" \/>\n<meta property=\"og:url\" content=\"https:\/\/smarttextiles.se\/en\/research-and-innovation\/health-and-medicine\/\" \/>\n<meta property=\"og:site_name\" content=\"Smart Textiles\" \/>\n<meta property=\"article:publisher\" content=\"https:\/\/www.facebook.com\/SmartTextilesSE\/\" \/>\n<meta property=\"article:modified_time\" content=\"2019-04-24T11:14:07+00:00\" \/>\n<meta property=\"og:image\" content=\"https:\/\/smarttextiles.se\/wp-content\/uploads\/2019\/03\/vattenreningsmaljpg-1024x640.jpg\" \/>\n<meta name=\"twitter:card\" content=\"summary_large_image\" \/>\n<meta name=\"twitter:site\" content=\"@sp_boras\" \/>\n<meta name=\"twitter:label1\" content=\"Est. reading time\" \/>\n\t<meta name=\"twitter:data1\" content=\"1 minute\" \/>\n<script type=\"application\/ld+json\" class=\"yoast-schema-graph\">{\"@context\":\"https:\/\/schema.org\",\"@graph\":[{\"@type\":\"WebPage\",\"@id\":\"https:\/\/smarttextiles.se\/en\/research-and-innovation\/health-and-medicine\/\",\"url\":\"https:\/\/smarttextiles.se\/en\/research-and-innovation\/health-and-medicine\/\",\"name\":\"smarttextiles.se \u203a forskning-och-innovation \u203a halsa-och-medicin\",\"isPartOf\":{\"@id\":\"https:\/\/smarttextiles.se\/#website\"},\"datePublished\":\"2019-04-24T11:14:06+00:00\",\"dateModified\":\"2019-04-24T11:14:07+00:00\",\"description\":\"Forskning och utveckling inom omr\u00e5det H\u00e4lsa och Medicin inklusive Sport och PPE. Material som m\u00e4ter och \u00f6vervakar patienters h\u00e4lsotillst\u00e5nd testas.\",\"breadcrumb\":{\"@id\":\"https:\/\/smarttextiles.se\/en\/research-and-innovation\/health-and-medicine\/#breadcrumb\"},\"inLanguage\":\"en-US\",\"potentialAction\":[{\"@type\":\"ReadAction\",\"target\":[\"https:\/\/smarttextiles.se\/en\/research-and-innovation\/health-and-medicine\/\"]}]},{\"@type\":\"BreadcrumbList\",\"@id\":\"https:\/\/smarttextiles.se\/en\/research-and-innovation\/health-and-medicine\/#breadcrumb\",\"itemListElement\":[{\"@type\":\"ListItem\",\"position\":1,\"name\":\"Hem\",\"item\":\"https:\/\/smarttextiles.se\/en\/\"},{\"@type\":\"ListItem\",\"position\":2,\"name\":\"Research and innovation\",\"item\":\"https:\/\/smarttextiles.se\/en\/research-and-innovation\/\"},{\"@type\":\"ListItem\",\"position\":3,\"name\":\"Health and Medicine\"}]},{\"@type\":\"WebSite\",\"@id\":\"https:\/\/smarttextiles.se\/#website\",\"url\":\"https:\/\/smarttextiles.se\/\",\"name\":\"Smart Textiles\",\"description\":\"\",\"publisher\":{\"@id\":\"https:\/\/smarttextiles.se\/#organization\"},\"potentialAction\":[{\"@type\":\"SearchAction\",\"target\":{\"@type\":\"EntryPoint\",\"urlTemplate\":\"https:\/\/smarttextiles.se\/?s={search_term_string}\"},\"query-input\":\"required name=search_term_string\"}],\"inLanguage\":\"en-US\"},{\"@type\":\"Organization\",\"@id\":\"https:\/\/smarttextiles.se\/#organization\",\"name\":\"Smart Textiles\",\"url\":\"https:\/\/smarttextiles.se\/\",\"logo\":{\"@type\":\"ImageObject\",\"inLanguage\":\"en-US\",\"@id\":\"https:\/\/smarttextiles.se\/#\/schema\/logo\/image\/\",\"url\":\"https:\/\/smarttextiles.se\/wp-content\/uploads\/2019\/04\/SmartTextiles_logo_TagSPB_RGB_pos-1.png\",\"contentUrl\":\"https:\/\/smarttextiles.se\/wp-content\/uploads\/2019\/04\/SmartTextiles_logo_TagSPB_RGB_pos-1.png\",\"width\":2521,\"height\":914,\"caption\":\"Smart Textiles\"},\"image\":{\"@id\":\"https:\/\/smarttextiles.se\/#\/schema\/logo\/image\/\"},\"sameAs\":[\"https:\/\/www.facebook.com\/SmartTextilesSE\/\",\"https:\/\/twitter.com\/sp_boras\",\"https:\/\/www.linkedin.com\/company\/smart-textiles\/?viewAsMember=true\"]}]}<\/script>\n<!-- \/ Yoast SEO plugin. -->","yoast_head_json":{"title":"smarttextiles.se \u203a forskning-och-innovation \u203a halsa-och-medicin","description":"Forskning och utveckling inom omr\u00e5det H\u00e4lsa och Medicin inklusive Sport och PPE. Material som m\u00e4ter och \u00f6vervakar patienters h\u00e4lsotillst\u00e5nd testas.","robots":{"index":"index","follow":"follow","max-snippet":"max-snippet:-1","max-image-preview":"max-image-preview:large","max-video-preview":"max-video-preview:-1"},"canonical":"https:\/\/smarttextiles.se\/en\/research-and-innovation\/health-and-medicine\/","og_locale":"en_US","og_type":"article","og_title":"smarttextiles.se \u203a forskning-och-innovation \u203a halsa-och-medicin","og_description":"Forskning och utveckling inom omr\u00e5det H\u00e4lsa och Medicin inklusive Sport och PPE. Material som m\u00e4ter och \u00f6vervakar patienters h\u00e4lsotillst\u00e5nd testas.","og_url":"https:\/\/smarttextiles.se\/en\/research-and-innovation\/health-and-medicine\/","og_site_name":"Smart Textiles","article_publisher":"https:\/\/www.facebook.com\/SmartTextilesSE\/","article_modified_time":"2019-04-24T11:14:07+00:00","og_image":[{"url":"https:\/\/smarttextiles.se\/wp-content\/uploads\/2019\/03\/vattenreningsmaljpg-1024x640.jpg"}],"twitter_card":"summary_large_image","twitter_site":"@sp_boras","twitter_misc":{"Est. reading time":"1 minute"},"schema":{"@context":"https:\/\/schema.org","@graph":[{"@type":"WebPage","@id":"https:\/\/smarttextiles.se\/en\/research-and-innovation\/health-and-medicine\/","url":"https:\/\/smarttextiles.se\/en\/research-and-innovation\/health-and-medicine\/","name":"smarttextiles.se \u203a forskning-och-innovation \u203a halsa-och-medicin","isPartOf":{"@id":"https:\/\/smarttextiles.se\/#website"},"datePublished":"2019-04-24T11:14:06+00:00","dateModified":"2019-04-24T11:14:07+00:00","description":"Forskning och utveckling inom omr\u00e5det H\u00e4lsa och Medicin inklusive Sport och PPE. Material som m\u00e4ter och \u00f6vervakar patienters h\u00e4lsotillst\u00e5nd testas.","breadcrumb":{"@id":"https:\/\/smarttextiles.se\/en\/research-and-innovation\/health-and-medicine\/#breadcrumb"},"inLanguage":"en-US","potentialAction":[{"@type":"ReadAction","target":["https:\/\/smarttextiles.se\/en\/research-and-innovation\/health-and-medicine\/"]}]},{"@type":"BreadcrumbList","@id":"https:\/\/smarttextiles.se\/en\/research-and-innovation\/health-and-medicine\/#breadcrumb","itemListElement":[{"@type":"ListItem","position":1,"name":"Hem","item":"https:\/\/smarttextiles.se\/en\/"},{"@type":"ListItem","position":2,"name":"Research and innovation","item":"https:\/\/smarttextiles.se\/en\/research-and-innovation\/"},{"@type":"ListItem","position":3,"name":"Health and Medicine"}]},{"@type":"WebSite","@id":"https:\/\/smarttextiles.se\/#website","url":"https:\/\/smarttextiles.se\/","name":"Smart Textiles","description":"","publisher":{"@id":"https:\/\/smarttextiles.se\/#organization"},"potentialAction":[{"@type":"SearchAction","target":{"@type":"EntryPoint","urlTemplate":"https:\/\/smarttextiles.se\/?s={search_term_string}"},"query-input":"required name=search_term_string"}],"inLanguage":"en-US"},{"@type":"Organization","@id":"https:\/\/smarttextiles.se\/#organization","name":"Smart Textiles","url":"https:\/\/smarttextiles.se\/","logo":{"@type":"ImageObject","inLanguage":"en-US","@id":"https:\/\/smarttextiles.se\/#\/schema\/logo\/image\/","url":"https:\/\/smarttextiles.se\/wp-content\/uploads\/2019\/04\/SmartTextiles_logo_TagSPB_RGB_pos-1.png","contentUrl":"https:\/\/smarttextiles.se\/wp-content\/uploads\/2019\/04\/SmartTextiles_logo_TagSPB_RGB_pos-1.png","width":2521,"height":914,"caption":"Smart Textiles"},"image":{"@id":"https:\/\/smarttextiles.se\/#\/schema\/logo\/image\/"},"sameAs":["https:\/\/www.facebook.com\/SmartTextilesSE\/","https:\/\/twitter.com\/sp_boras","https:\/\/www.linkedin.com\/company\/smart-textiles\/?viewAsMember=true"]}]}},"_links":{"self":[{"href":"https:\/\/smarttextiles.se\/en\/wp-json\/wp\/v2\/pages\/1811"}],"collection":[{"href":"https:\/\/smarttextiles.se\/en\/wp-json\/wp\/v2\/pages"}],"about":[{"href":"https:\/\/smarttextiles.se\/en\/wp-json\/wp\/v2\/types\/page"}],"author":[{"embeddable":true,"href":"https:\/\/smarttextiles.se\/en\/wp-json\/wp\/v2\/users\/2"}],"replies":[{"embeddable":true,"href":"https:\/\/smarttextiles.se\/en\/wp-json\/wp\/v2\/comments?post=1811"}],"version-history":[{"count":1,"href":"https:\/\/smarttextiles.se\/en\/wp-json\/wp\/v2\/pages\/1811\/revisions"}],"predecessor-version":[{"id":1812,"href":"https:\/\/smarttextiles.se\/en\/wp-json\/wp\/v2\/pages\/1811\/revisions\/1812"}],"up":[{"embeddable":true,"href":"https:\/\/smarttextiles.se\/en\/wp-json\/wp\/v2\/pages\/1805"}],"wp:attachment":[{"href":"https:\/\/smarttextiles.se\/en\/wp-json\/wp\/v2\/media?parent=1811"}],"curies":[{"name":"wp","href":"https:\/\/api.w.org\/{rel}","templated":true}]}}