{"id":1795,"date":"2019-04-24T12:46:40","date_gmt":"2019-04-24T10:46:40","guid":{"rendered":"https:\/\/smarttextiles.se\/sustainable-textile\/"},"modified":"2021-11-23T12:01:37","modified_gmt":"2021-11-23T11:01:37","slug":"sustainable-textile","status":"publish","type":"page","link":"https:\/\/smarttextiles.se\/en\/research-and-innovation\/sustainable-textile\/","title":{"rendered":"Sustainable textile"},"content":{"rendered":"\n<p>We prioritize sustainable development and work actively to integrate environmental work into all parts of our business. For us, aspects such as resource efficiency, longevity, recycling, quality and function are important concepts. The list of projects with sustainability focus can be done long and cover a wide range of areas. We are convinced that the solution for a sustainable textile future is in diversity. <\/p>\n\n\n\n<div class=\"wp-block-image\"><figure class=\"aligncenter size-large\"><img decoding=\"async\" loading=\"lazy\" width=\"1024\" height=\"665\" src=\"https:\/\/smarttextiles.se\/wp-content\/uploads\/2021\/09\/papperskl\u00e4nning-Modig_detalj_11_Anna-Sigge-1024x665.jpg\" alt=\"\" class=\"wp-image-5588\" srcset=\"https:\/\/smarttextiles.se\/wp-content\/uploads\/2021\/09\/papperskl\u00e4nning-Modig_detalj_11_Anna-Sigge-1024x665.jpg 1024w, https:\/\/smarttextiles.se\/wp-content\/uploads\/2021\/09\/papperskl\u00e4nning-Modig_detalj_11_Anna-Sigge-300x195.jpg 300w, https:\/\/smarttextiles.se\/wp-content\/uploads\/2021\/09\/papperskl\u00e4nning-Modig_detalj_11_Anna-Sigge-768x499.jpg 768w, https:\/\/smarttextiles.se\/wp-content\/uploads\/2021\/09\/papperskl\u00e4nning-Modig_detalj_11_Anna-Sigge-1536x998.jpg 1536w, https:\/\/smarttextiles.se\/wp-content\/uploads\/2021\/09\/papperskl\u00e4nning-Modig_detalj_11_Anna-Sigge-2048x1331.jpg 2048w\" sizes=\"(max-width: 1024px) 100vw, 1024px\" \/><\/figure><\/div>\n\n\n\n<p><\/p>\n\n\n\n<p>In recent years, a number of projects in the field of sustainable textiles have been implemented. The research project Re:textile develops new design principles and production systems to enable circular flows in the textile industry. Other interesting projects where sustainability is central are shown, for example, by the Forest Fabric (Skogens Tyg) where the purpose is to take the next step in the development process towards a Swedish paper textile. The Government mission, to establish a national platform for sustainable fashion and sustainable textiles, Textile &amp; Fashion 2030, consolidates the role of Smart Textiles as a enabler, catalyst and accelerator for the textile industry&#8217;s path to sustainability. The aim of the initiative is to establish a platform between players throughout the value chain in order to promote a transition to non-toxic and resource-efficient cycles in a circular economy.<\/p>\n\n\n\n<hr class=\"wp-block-separator\"\/>\n","protected":false},"excerpt":{"rendered":"<p>We prioritize sustainable development and work actively to integrate environmental work into all parts of our business. For us, aspects\u2026<\/p>\n","protected":false},"author":2,"featured_media":0,"parent":1805,"menu_order":10,"comment_status":"closed","ping_status":"closed","template":"","meta":[],"yoast_head":"<!-- This site is optimized with the Yoast SEO plugin v21.1 - https:\/\/yoast.com\/wordpress\/plugins\/seo\/ -->\n<title>smarttextiles.se \u203a forskning-och-innovation \u203a h\u00e5llbar-textil<\/title>\n<meta name=\"description\" content=\"Vi arbetar aktivt f\u00f6r att integrera milj\u00f6arbetet och h\u00e5llbar utveckling i alla delar av v\u00e5r verksamhet. Resurseffektivitet, livsl\u00e4ngd, \u00e5tervinning, kvalitet och funktion \u00e4r viktiga begrepp p\u00e5 Smart Textiles.\" \/>\n<meta name=\"robots\" content=\"index, follow, max-snippet:-1, max-image-preview:large, max-video-preview:-1\" \/>\n<link rel=\"canonical\" href=\"https:\/\/smarttextiles.se\/en\/research-and-innovation\/sustainable-textile\/\" \/>\n<meta property=\"og:locale\" content=\"en_US\" \/>\n<meta property=\"og:type\" content=\"article\" \/>\n<meta property=\"og:title\" content=\"smarttextiles.se \u203a forskning-och-innovation \u203a h\u00e5llbar-textil\" \/>\n<meta property=\"og:description\" content=\"Vi arbetar aktivt f\u00f6r att integrera milj\u00f6arbetet och h\u00e5llbar utveckling i alla delar av v\u00e5r verksamhet. Resurseffektivitet, livsl\u00e4ngd, \u00e5tervinning, kvalitet och funktion \u00e4r viktiga begrepp p\u00e5 Smart Textiles.\" \/>\n<meta property=\"og:url\" content=\"https:\/\/smarttextiles.se\/en\/research-and-innovation\/sustainable-textile\/\" \/>\n<meta property=\"og:site_name\" content=\"Smart Textiles\" \/>\n<meta property=\"article:publisher\" content=\"https:\/\/www.facebook.com\/SmartTextilesSE\/\" \/>\n<meta property=\"article:modified_time\" content=\"2021-11-23T11:01:37+00:00\" \/>\n<meta name=\"twitter:card\" content=\"summary_large_image\" \/>\n<meta name=\"twitter:site\" content=\"@sp_boras\" \/>\n<meta name=\"twitter:label1\" content=\"Est. reading time\" \/>\n\t<meta name=\"twitter:data1\" content=\"1 minute\" \/>\n<script type=\"application\/ld+json\" class=\"yoast-schema-graph\">{\"@context\":\"https:\/\/schema.org\",\"@graph\":[{\"@type\":\"WebPage\",\"@id\":\"https:\/\/smarttextiles.se\/en\/research-and-innovation\/sustainable-textile\/\",\"url\":\"https:\/\/smarttextiles.se\/en\/research-and-innovation\/sustainable-textile\/\",\"name\":\"smarttextiles.se \u203a forskning-och-innovation \u203a h\u00e5llbar-textil\",\"isPartOf\":{\"@id\":\"https:\/\/smarttextiles.se\/#website\"},\"datePublished\":\"2019-04-24T10:46:40+00:00\",\"dateModified\":\"2021-11-23T11:01:37+00:00\",\"description\":\"Vi arbetar aktivt f\u00f6r att integrera milj\u00f6arbetet och h\u00e5llbar utveckling i alla delar av v\u00e5r verksamhet. Resurseffektivitet, livsl\u00e4ngd, \u00e5tervinning, kvalitet och funktion \u00e4r viktiga begrepp p\u00e5 Smart Textiles.\",\"breadcrumb\":{\"@id\":\"https:\/\/smarttextiles.se\/en\/research-and-innovation\/sustainable-textile\/#breadcrumb\"},\"inLanguage\":\"en-US\",\"potentialAction\":[{\"@type\":\"ReadAction\",\"target\":[\"https:\/\/smarttextiles.se\/en\/research-and-innovation\/sustainable-textile\/\"]}]},{\"@type\":\"BreadcrumbList\",\"@id\":\"https:\/\/smarttextiles.se\/en\/research-and-innovation\/sustainable-textile\/#breadcrumb\",\"itemListElement\":[{\"@type\":\"ListItem\",\"position\":1,\"name\":\"Hem\",\"item\":\"https:\/\/smarttextiles.se\/en\/\"},{\"@type\":\"ListItem\",\"position\":2,\"name\":\"Research and innovation\",\"item\":\"https:\/\/smarttextiles.se\/en\/research-and-innovation\/\"},{\"@type\":\"ListItem\",\"position\":3,\"name\":\"Sustainable textile\"}]},{\"@type\":\"WebSite\",\"@id\":\"https:\/\/smarttextiles.se\/#website\",\"url\":\"https:\/\/smarttextiles.se\/\",\"name\":\"Smart Textiles\",\"description\":\"\",\"publisher\":{\"@id\":\"https:\/\/smarttextiles.se\/#organization\"},\"potentialAction\":[{\"@type\":\"SearchAction\",\"target\":{\"@type\":\"EntryPoint\",\"urlTemplate\":\"https:\/\/smarttextiles.se\/?s={search_term_string}\"},\"query-input\":\"required name=search_term_string\"}],\"inLanguage\":\"en-US\"},{\"@type\":\"Organization\",\"@id\":\"https:\/\/smarttextiles.se\/#organization\",\"name\":\"Smart Textiles\",\"url\":\"https:\/\/smarttextiles.se\/\",\"logo\":{\"@type\":\"ImageObject\",\"inLanguage\":\"en-US\",\"@id\":\"https:\/\/smarttextiles.se\/#\/schema\/logo\/image\/\",\"url\":\"https:\/\/smarttextiles.se\/wp-content\/uploads\/2019\/04\/SmartTextiles_logo_TagSPB_RGB_pos-1.png\",\"contentUrl\":\"https:\/\/smarttextiles.se\/wp-content\/uploads\/2019\/04\/SmartTextiles_logo_TagSPB_RGB_pos-1.png\",\"width\":2521,\"height\":914,\"caption\":\"Smart Textiles\"},\"image\":{\"@id\":\"https:\/\/smarttextiles.se\/#\/schema\/logo\/image\/\"},\"sameAs\":[\"https:\/\/www.facebook.com\/SmartTextilesSE\/\",\"https:\/\/twitter.com\/sp_boras\",\"https:\/\/www.linkedin.com\/company\/smart-textiles\/?viewAsMember=true\"]}]}<\/script>\n<!-- \/ Yoast SEO plugin. -->","yoast_head_json":{"title":"smarttextiles.se \u203a forskning-och-innovation \u203a h\u00e5llbar-textil","description":"Vi arbetar aktivt f\u00f6r att integrera milj\u00f6arbetet och h\u00e5llbar utveckling i alla delar av v\u00e5r verksamhet. Resurseffektivitet, livsl\u00e4ngd, \u00e5tervinning, kvalitet och funktion \u00e4r viktiga begrepp p\u00e5 Smart Textiles.","robots":{"index":"index","follow":"follow","max-snippet":"max-snippet:-1","max-image-preview":"max-image-preview:large","max-video-preview":"max-video-preview:-1"},"canonical":"https:\/\/smarttextiles.se\/en\/research-and-innovation\/sustainable-textile\/","og_locale":"en_US","og_type":"article","og_title":"smarttextiles.se \u203a forskning-och-innovation \u203a h\u00e5llbar-textil","og_description":"Vi arbetar aktivt f\u00f6r att integrera milj\u00f6arbetet och h\u00e5llbar utveckling i alla delar av v\u00e5r verksamhet. Resurseffektivitet, livsl\u00e4ngd, \u00e5tervinning, kvalitet och funktion \u00e4r viktiga begrepp p\u00e5 Smart Textiles.","og_url":"https:\/\/smarttextiles.se\/en\/research-and-innovation\/sustainable-textile\/","og_site_name":"Smart Textiles","article_publisher":"https:\/\/www.facebook.com\/SmartTextilesSE\/","article_modified_time":"2021-11-23T11:01:37+00:00","twitter_card":"summary_large_image","twitter_site":"@sp_boras","twitter_misc":{"Est. reading time":"1 minute"},"schema":{"@context":"https:\/\/schema.org","@graph":[{"@type":"WebPage","@id":"https:\/\/smarttextiles.se\/en\/research-and-innovation\/sustainable-textile\/","url":"https:\/\/smarttextiles.se\/en\/research-and-innovation\/sustainable-textile\/","name":"smarttextiles.se \u203a forskning-och-innovation \u203a h\u00e5llbar-textil","isPartOf":{"@id":"https:\/\/smarttextiles.se\/#website"},"datePublished":"2019-04-24T10:46:40+00:00","dateModified":"2021-11-23T11:01:37+00:00","description":"Vi arbetar aktivt f\u00f6r att integrera milj\u00f6arbetet och h\u00e5llbar utveckling i alla delar av v\u00e5r verksamhet. Resurseffektivitet, livsl\u00e4ngd, \u00e5tervinning, kvalitet och funktion \u00e4r viktiga begrepp p\u00e5 Smart Textiles.","breadcrumb":{"@id":"https:\/\/smarttextiles.se\/en\/research-and-innovation\/sustainable-textile\/#breadcrumb"},"inLanguage":"en-US","potentialAction":[{"@type":"ReadAction","target":["https:\/\/smarttextiles.se\/en\/research-and-innovation\/sustainable-textile\/"]}]},{"@type":"BreadcrumbList","@id":"https:\/\/smarttextiles.se\/en\/research-and-innovation\/sustainable-textile\/#breadcrumb","itemListElement":[{"@type":"ListItem","position":1,"name":"Hem","item":"https:\/\/smarttextiles.se\/en\/"},{"@type":"ListItem","position":2,"name":"Research and innovation","item":"https:\/\/smarttextiles.se\/en\/research-and-innovation\/"},{"@type":"ListItem","position":3,"name":"Sustainable textile"}]},{"@type":"WebSite","@id":"https:\/\/smarttextiles.se\/#website","url":"https:\/\/smarttextiles.se\/","name":"Smart Textiles","description":"","publisher":{"@id":"https:\/\/smarttextiles.se\/#organization"},"potentialAction":[{"@type":"SearchAction","target":{"@type":"EntryPoint","urlTemplate":"https:\/\/smarttextiles.se\/?s={search_term_string}"},"query-input":"required name=search_term_string"}],"inLanguage":"en-US"},{"@type":"Organization","@id":"https:\/\/smarttextiles.se\/#organization","name":"Smart Textiles","url":"https:\/\/smarttextiles.se\/","logo":{"@type":"ImageObject","inLanguage":"en-US","@id":"https:\/\/smarttextiles.se\/#\/schema\/logo\/image\/","url":"https:\/\/smarttextiles.se\/wp-content\/uploads\/2019\/04\/SmartTextiles_logo_TagSPB_RGB_pos-1.png","contentUrl":"https:\/\/smarttextiles.se\/wp-content\/uploads\/2019\/04\/SmartTextiles_logo_TagSPB_RGB_pos-1.png","width":2521,"height":914,"caption":"Smart Textiles"},"image":{"@id":"https:\/\/smarttextiles.se\/#\/schema\/logo\/image\/"},"sameAs":["https:\/\/www.facebook.com\/SmartTextilesSE\/","https:\/\/twitter.com\/sp_boras","https:\/\/www.linkedin.com\/company\/smart-textiles\/?viewAsMember=true"]}]}},"_links":{"self":[{"href":"https:\/\/smarttextiles.se\/en\/wp-json\/wp\/v2\/pages\/1795"}],"collection":[{"href":"https:\/\/smarttextiles.se\/en\/wp-json\/wp\/v2\/pages"}],"about":[{"href":"https:\/\/smarttextiles.se\/en\/wp-json\/wp\/v2\/types\/page"}],"author":[{"embeddable":true,"href":"https:\/\/smarttextiles.se\/en\/wp-json\/wp\/v2\/users\/2"}],"replies":[{"embeddable":true,"href":"https:\/\/smarttextiles.se\/en\/wp-json\/wp\/v2\/comments?post=1795"}],"version-history":[{"count":6,"href":"https:\/\/smarttextiles.se\/en\/wp-json\/wp\/v2\/pages\/1795\/revisions"}],"predecessor-version":[{"id":5657,"href":"https:\/\/smarttextiles.se\/en\/wp-json\/wp\/v2\/pages\/1795\/revisions\/5657"}],"up":[{"embeddable":true,"href":"https:\/\/smarttextiles.se\/en\/wp-json\/wp\/v2\/pages\/1805"}],"wp:attachment":[{"href":"https:\/\/smarttextiles.se\/en\/wp-json\/wp\/v2\/media?parent=1795"}],"curies":[{"name":"wp","href":"https:\/\/api.w.org\/{rel}","templated":true}]}}