{"id":1694,"date":"2019-04-24T14:26:06","date_gmt":"2019-04-24T12:26:06","guid":{"rendered":"https:\/\/smarttextiles.se\/?page_id=1694"},"modified":"2021-11-23T16:08:28","modified_gmt":"2021-11-23T15:08:28","slug":"about-smart-textiles","status":"publish","type":"page","link":"https:\/\/smarttextiles.se\/en\/about-smart-textiles\/","title":{"rendered":"About Smart Textiles"},"content":{"rendered":"\n<p><strong>With over 500 research and company driven projects since the foundation of the initative in 2006, Smart Textiles has not only become a motor for the textile industry in Sweden but an important player on the international arena.<\/strong><\/p>\n\n\n\n<figure class=\"is-layout-flex wp-block-gallery-1 wp-block-gallery aligncenter columns-3 is-cropped\"><ul class=\"blocks-gallery-grid\"><li class=\"blocks-gallery-item\"><figure><img decoding=\"async\" loading=\"lazy\" width=\"680\" height=\"680\" src=\"https:\/\/smarttextiles.se\/wp-content\/uploads\/2019\/03\/IMAN.jpg\" alt=\"\" data-id=\"689\" data-link=\"https:\/\/smarttextiles.se\/iman-2\/?lang=en\" class=\"wp-image-689\" srcset=\"https:\/\/smarttextiles.se\/wp-content\/uploads\/2019\/03\/IMAN.jpg 680w, https:\/\/smarttextiles.se\/wp-content\/uploads\/2019\/03\/IMAN-150x150.jpg 150w, https:\/\/smarttextiles.se\/wp-content\/uploads\/2019\/03\/IMAN-300x300.jpg 300w\" sizes=\"(max-width: 680px) 100vw, 680px\" \/><\/figure><\/li><li class=\"blocks-gallery-item\"><figure><img decoding=\"async\" loading=\"lazy\" width=\"1024\" height=\"683\" src=\"https:\/\/smarttextiles.se\/wp-content\/uploads\/2019\/03\/6H1A9983-1024x683.jpg\" alt=\"\" data-id=\"695\" data-link=\"https:\/\/smarttextiles.se\/6h1a9983-2\/?lang=en\" class=\"wp-image-695\" srcset=\"https:\/\/smarttextiles.se\/wp-content\/uploads\/2019\/03\/6H1A9983-1024x683.jpg 1024w, https:\/\/smarttextiles.se\/wp-content\/uploads\/2019\/03\/6H1A9983-300x200.jpg 300w, https:\/\/smarttextiles.se\/wp-content\/uploads\/2019\/03\/6H1A9983-768x512.jpg 768w\" sizes=\"(max-width: 1024px) 100vw, 1024px\" \/><\/figure><\/li><li class=\"blocks-gallery-item\"><figure><img decoding=\"async\" loading=\"lazy\" width=\"761\" height=\"1024\" src=\"https:\/\/smarttextiles.se\/wp-content\/uploads\/2019\/03\/ArcInTex-761x1024.jpg\" alt=\"\" data-id=\"1160\" data-link=\"https:\/\/smarttextiles.se\/arcintex-2\/?lang=en\" class=\"wp-image-1160\" srcset=\"https:\/\/smarttextiles.se\/wp-content\/uploads\/2019\/03\/ArcInTex-761x1024.jpg 761w, https:\/\/smarttextiles.se\/wp-content\/uploads\/2019\/03\/ArcInTex-223x300.jpg 223w, https:\/\/smarttextiles.se\/wp-content\/uploads\/2019\/03\/ArcInTex-768x1034.jpg 768w\" sizes=\"(max-width: 761px) 100vw, 761px\" \/><\/figure><\/li><li class=\"blocks-gallery-item\"><figure><img decoding=\"async\" loading=\"lazy\" width=\"941\" height=\"1024\" src=\"https:\/\/smarttextiles.se\/wp-content\/uploads\/2019\/03\/smart-space-fabric1-941x1024.jpg\" alt=\"\" data-id=\"702\" data-link=\"https:\/\/smarttextiles.se\/smart-space-fabric1-2\/?lang=en\" class=\"wp-image-702\" srcset=\"https:\/\/smarttextiles.se\/wp-content\/uploads\/2019\/03\/smart-space-fabric1-941x1024.jpg 941w, https:\/\/smarttextiles.se\/wp-content\/uploads\/2019\/03\/smart-space-fabric1-276x300.jpg 276w, https:\/\/smarttextiles.se\/wp-content\/uploads\/2019\/03\/smart-space-fabric1-768x835.jpg 768w\" sizes=\"(max-width: 941px) 100vw, 941px\" \/><\/figure><\/li><\/ul><\/figure>\n\n\n\n<p>Clothes that monitor your health or measure your movements. Technology that makes it possible to recycle and reuse textile fibres. Smart textiles that revolutionizes our lives. <\/p>\n\n\n\n<p>The textile industry is about to take a giant step from being a supplier of fabrics to become a positive force in the development of  society. Textile innovations improve people\u2019s everyday lives and benefit  the industry, the health care sector and the environment.<\/p>\n\n\n\n<p>However, innovations do not spring from nothing. It takes an open  environment where people from many different backgrounds are allowed to  meet and involve in open-ended communication to find both sought-after  and unexpected solutions. Smart Textiles is that innovation  environment in Northern Europe. Today, the research community, the  business community, institutions and the public sector come together to find the solutions of the future. As the Smart Textiles Initiative offers a complete solution including everything from basic research to prototype development, it is the natural partner for realizing textile ideas or meeting a need with textile technology.<\/p>\n\n\n\n<hr class=\"wp-block-separator\"\/>\n","protected":false},"excerpt":{"rendered":"<p>With over 500 research and company driven projects since the foundation of the initative in 2006, Smart Textiles has not\u2026<\/p>\n","protected":false},"author":2,"featured_media":0,"parent":0,"menu_order":0,"comment_status":"closed","ping_status":"closed","template":"","meta":[],"yoast_head":"<!-- This site is optimized with the Yoast SEO plugin v21.1 - https:\/\/yoast.com\/wordpress\/plugins\/seo\/ -->\n<title>Om S<\/title>\n<meta name=\"description\" content=\"\ufeffKl\u00e4der som \u00f6vervakar din h\u00e4lsa eller m\u00e4ter dina r\u00f6relser. Smarta textilier som revolutionerar v\u00e5ra liv.\" \/>\n<meta name=\"robots\" content=\"index, follow, max-snippet:-1, max-image-preview:large, max-video-preview:-1\" \/>\n<link rel=\"canonical\" href=\"https:\/\/smarttextiles.se\/en\/about-smart-textiles\/\" \/>\n<meta property=\"og:locale\" content=\"en_US\" \/>\n<meta property=\"og:type\" content=\"article\" \/>\n<meta property=\"og:title\" content=\"Om S\" \/>\n<meta property=\"og:description\" content=\"\ufeffKl\u00e4der som \u00f6vervakar din h\u00e4lsa eller m\u00e4ter dina r\u00f6relser. Smarta textilier som revolutionerar v\u00e5ra liv.\" \/>\n<meta property=\"og:url\" content=\"https:\/\/smarttextiles.se\/en\/about-smart-textiles\/\" \/>\n<meta property=\"og:site_name\" content=\"Smart Textiles\" \/>\n<meta property=\"article:publisher\" content=\"https:\/\/www.facebook.com\/SmartTextilesSE\/\" \/>\n<meta property=\"article:modified_time\" content=\"2021-11-23T15:08:28+00:00\" \/>\n<meta property=\"og:image\" content=\"https:\/\/smarttextiles.se\/wp-content\/uploads\/2019\/03\/IMAN.jpg\" \/>\n<meta name=\"twitter:card\" content=\"summary_large_image\" \/>\n<meta name=\"twitter:site\" content=\"@sp_boras\" \/>\n<meta name=\"twitter:label1\" content=\"Est. reading time\" \/>\n\t<meta name=\"twitter:data1\" content=\"1 minute\" \/>\n<script type=\"application\/ld+json\" class=\"yoast-schema-graph\">{\"@context\":\"https:\/\/schema.org\",\"@graph\":[{\"@type\":\"WebPage\",\"@id\":\"https:\/\/smarttextiles.se\/en\/about-smart-textiles\/\",\"url\":\"https:\/\/smarttextiles.se\/en\/about-smart-textiles\/\",\"name\":\"Om S\",\"isPartOf\":{\"@id\":\"https:\/\/smarttextiles.se\/#website\"},\"datePublished\":\"2019-04-24T12:26:06+00:00\",\"dateModified\":\"2021-11-23T15:08:28+00:00\",\"description\":\"\ufeffKl\u00e4der som \u00f6vervakar din h\u00e4lsa eller m\u00e4ter dina r\u00f6relser. Smarta textilier som revolutionerar v\u00e5ra liv.\",\"breadcrumb\":{\"@id\":\"https:\/\/smarttextiles.se\/en\/about-smart-textiles\/#breadcrumb\"},\"inLanguage\":\"en-US\",\"potentialAction\":[{\"@type\":\"ReadAction\",\"target\":[\"https:\/\/smarttextiles.se\/en\/about-smart-textiles\/\"]}]},{\"@type\":\"BreadcrumbList\",\"@id\":\"https:\/\/smarttextiles.se\/en\/about-smart-textiles\/#breadcrumb\",\"itemListElement\":[{\"@type\":\"ListItem\",\"position\":1,\"name\":\"Hem\",\"item\":\"https:\/\/smarttextiles.se\/en\/\"},{\"@type\":\"ListItem\",\"position\":2,\"name\":\"About Smart Textiles\"}]},{\"@type\":\"WebSite\",\"@id\":\"https:\/\/smarttextiles.se\/#website\",\"url\":\"https:\/\/smarttextiles.se\/\",\"name\":\"Smart Textiles\",\"description\":\"\",\"publisher\":{\"@id\":\"https:\/\/smarttextiles.se\/#organization\"},\"potentialAction\":[{\"@type\":\"SearchAction\",\"target\":{\"@type\":\"EntryPoint\",\"urlTemplate\":\"https:\/\/smarttextiles.se\/?s={search_term_string}\"},\"query-input\":\"required name=search_term_string\"}],\"inLanguage\":\"en-US\"},{\"@type\":\"Organization\",\"@id\":\"https:\/\/smarttextiles.se\/#organization\",\"name\":\"Smart Textiles\",\"url\":\"https:\/\/smarttextiles.se\/\",\"logo\":{\"@type\":\"ImageObject\",\"inLanguage\":\"en-US\",\"@id\":\"https:\/\/smarttextiles.se\/#\/schema\/logo\/image\/\",\"url\":\"https:\/\/smarttextiles.se\/wp-content\/uploads\/2019\/04\/SmartTextiles_logo_TagSPB_RGB_pos-1.png\",\"contentUrl\":\"https:\/\/smarttextiles.se\/wp-content\/uploads\/2019\/04\/SmartTextiles_logo_TagSPB_RGB_pos-1.png\",\"width\":2521,\"height\":914,\"caption\":\"Smart Textiles\"},\"image\":{\"@id\":\"https:\/\/smarttextiles.se\/#\/schema\/logo\/image\/\"},\"sameAs\":[\"https:\/\/www.facebook.com\/SmartTextilesSE\/\",\"https:\/\/twitter.com\/sp_boras\",\"https:\/\/www.linkedin.com\/company\/smart-textiles\/?viewAsMember=true\"]}]}<\/script>\n<!-- \/ Yoast SEO plugin. -->","yoast_head_json":{"title":"Om S","description":"\ufeffKl\u00e4der som \u00f6vervakar din h\u00e4lsa eller m\u00e4ter dina r\u00f6relser. Smarta textilier som revolutionerar v\u00e5ra liv.","robots":{"index":"index","follow":"follow","max-snippet":"max-snippet:-1","max-image-preview":"max-image-preview:large","max-video-preview":"max-video-preview:-1"},"canonical":"https:\/\/smarttextiles.se\/en\/about-smart-textiles\/","og_locale":"en_US","og_type":"article","og_title":"Om S","og_description":"\ufeffKl\u00e4der som \u00f6vervakar din h\u00e4lsa eller m\u00e4ter dina r\u00f6relser. Smarta textilier som revolutionerar v\u00e5ra liv.","og_url":"https:\/\/smarttextiles.se\/en\/about-smart-textiles\/","og_site_name":"Smart Textiles","article_publisher":"https:\/\/www.facebook.com\/SmartTextilesSE\/","article_modified_time":"2021-11-23T15:08:28+00:00","og_image":[{"url":"https:\/\/smarttextiles.se\/wp-content\/uploads\/2019\/03\/IMAN.jpg"}],"twitter_card":"summary_large_image","twitter_site":"@sp_boras","twitter_misc":{"Est. reading time":"1 minute"},"schema":{"@context":"https:\/\/schema.org","@graph":[{"@type":"WebPage","@id":"https:\/\/smarttextiles.se\/en\/about-smart-textiles\/","url":"https:\/\/smarttextiles.se\/en\/about-smart-textiles\/","name":"Om S","isPartOf":{"@id":"https:\/\/smarttextiles.se\/#website"},"datePublished":"2019-04-24T12:26:06+00:00","dateModified":"2021-11-23T15:08:28+00:00","description":"\ufeffKl\u00e4der som \u00f6vervakar din h\u00e4lsa eller m\u00e4ter dina r\u00f6relser. Smarta textilier som revolutionerar v\u00e5ra liv.","breadcrumb":{"@id":"https:\/\/smarttextiles.se\/en\/about-smart-textiles\/#breadcrumb"},"inLanguage":"en-US","potentialAction":[{"@type":"ReadAction","target":["https:\/\/smarttextiles.se\/en\/about-smart-textiles\/"]}]},{"@type":"BreadcrumbList","@id":"https:\/\/smarttextiles.se\/en\/about-smart-textiles\/#breadcrumb","itemListElement":[{"@type":"ListItem","position":1,"name":"Hem","item":"https:\/\/smarttextiles.se\/en\/"},{"@type":"ListItem","position":2,"name":"About Smart Textiles"}]},{"@type":"WebSite","@id":"https:\/\/smarttextiles.se\/#website","url":"https:\/\/smarttextiles.se\/","name":"Smart Textiles","description":"","publisher":{"@id":"https:\/\/smarttextiles.se\/#organization"},"potentialAction":[{"@type":"SearchAction","target":{"@type":"EntryPoint","urlTemplate":"https:\/\/smarttextiles.se\/?s={search_term_string}"},"query-input":"required name=search_term_string"}],"inLanguage":"en-US"},{"@type":"Organization","@id":"https:\/\/smarttextiles.se\/#organization","name":"Smart Textiles","url":"https:\/\/smarttextiles.se\/","logo":{"@type":"ImageObject","inLanguage":"en-US","@id":"https:\/\/smarttextiles.se\/#\/schema\/logo\/image\/","url":"https:\/\/smarttextiles.se\/wp-content\/uploads\/2019\/04\/SmartTextiles_logo_TagSPB_RGB_pos-1.png","contentUrl":"https:\/\/smarttextiles.se\/wp-content\/uploads\/2019\/04\/SmartTextiles_logo_TagSPB_RGB_pos-1.png","width":2521,"height":914,"caption":"Smart Textiles"},"image":{"@id":"https:\/\/smarttextiles.se\/#\/schema\/logo\/image\/"},"sameAs":["https:\/\/www.facebook.com\/SmartTextilesSE\/","https:\/\/twitter.com\/sp_boras","https:\/\/www.linkedin.com\/company\/smart-textiles\/?viewAsMember=true"]}]}},"_links":{"self":[{"href":"https:\/\/smarttextiles.se\/en\/wp-json\/wp\/v2\/pages\/1694"}],"collection":[{"href":"https:\/\/smarttextiles.se\/en\/wp-json\/wp\/v2\/pages"}],"about":[{"href":"https:\/\/smarttextiles.se\/en\/wp-json\/wp\/v2\/types\/page"}],"author":[{"embeddable":true,"href":"https:\/\/smarttextiles.se\/en\/wp-json\/wp\/v2\/users\/2"}],"replies":[{"embeddable":true,"href":"https:\/\/smarttextiles.se\/en\/wp-json\/wp\/v2\/comments?post=1694"}],"version-history":[{"count":21,"href":"https:\/\/smarttextiles.se\/en\/wp-json\/wp\/v2\/pages\/1694\/revisions"}],"predecessor-version":[{"id":5664,"href":"https:\/\/smarttextiles.se\/en\/wp-json\/wp\/v2\/pages\/1694\/revisions\/5664"}],"wp:attachment":[{"href":"https:\/\/smarttextiles.se\/en\/wp-json\/wp\/v2\/media?parent=1694"}],"curies":[{"name":"wp","href":"https:\/\/api.w.org\/{rel}","templated":true}]}}